{"id":30,"date":"2017-12-11T13:58:20","date_gmt":"2017-12-11T12:58:20","guid":{"rendered":"https:\/\/www.balland-messe.de\/?page_id=30"},"modified":"2025-12-12T14:56:54","modified_gmt":"2025-12-12T13:56:54","slug":"ueber-uns","status":"publish","type":"page","link":"https:\/\/www.balland-messe.de\/en\/ueber-uns\/","title":{"rendered":"About us"},"content":{"rendered":"<div class=\"fusion-fullwidth fullwidth-box fusion-builder-row-1 nonhundred-percent-fullwidth non-hundred-percent-height-scrolling\" style=\"--awb-border-radius-top-left:0px;--awb-border-radius-top-right:0px;--awb-border-radius-bottom-right:0px;--awb-border-radius-bottom-left:0px;--awb-flex-wrap:wrap;\" ><div class=\"fusion-builder-row fusion-row\"><div class=\"fusion-layout-column fusion_builder_column fusion-builder-column-0 fusion_builder_column_3_4 3_4 fusion-three-fourth fusion-column-first\" style=\"--awb-bg-size:cover;width:75%;width:calc(75% - ( ( 4% ) * 0.75 ) );margin-right: 4%;\"><div class=\"fusion-column-wrapper fusion-flex-column-wrapper-legacy\"><div class=\"fusion-title title fusion-title-1 sep-underline sep-dotted fusion-title-text fusion-title-size-one\" style=\"--awb-margin-top-small:0px;--awb-margin-right-small:0px;--awb-margin-bottom-small:20px;--awb-margin-left-small:0px;--awb-sep-color:#1874cd;\"><h1 class=\"fusion-title-heading title-heading-left\" style=\"margin:0;\">About us<\/h1><\/div><div class=\"fusion-text fusion-text-1\" style=\"--awb-text-transform:none;\"><p>In 1985, Heinz Balland officially founded Balland Messe-Vertrieb GmbH, named after him, with headquarters in Cologne- Junkersdorf. Before that, he had already worked for several years as a consultant for foreign projects with a focus on Korea, including for Messe D\u00fcsseldorf.<\/p>\n<p>A specialization in the representation of internationally active trade fair organizers quickly crystallized. The purpose of Balland Messe-Vertrieb GmbH - then as now - is to provide competent advice and support to companies from German-speaking countries in the selection of their foreign trade fair appearances. Leading trade fair organizers from Eastern Europe, Western Europe, the Middle East, Asia and South America put their trust in Heinz Balland's team.<\/p>\n<p>In October 1988, the previous managing director and partner Wolfgang Flebbe took over the remaining shares of the company Balland Messe Vertrieb-GmbH. The portfolio and the demands of the market grew quickly, so that in August 1989 the company Messe &amp; Marketing Wolfgang Flebbe was founded with a focus on strategic consulting, PR and marketing as a second mainstay.<\/p>\n<p>From 2000 onwards, another important business area was added. From this point on, Balland Messe-Vertrieb GmbH also acted as an implementation company certified by the Federal Ministry for Economic Affairs and Energy (BMWK): this special area mainly organizes subsidized trade fair appearances by the federal and state governments at selected trade fairs worldwide. The first orders from the foreign trade fair program followed, and in 2001, Balland Messe-Service GmbH was founded as an independent company to take over the implementation business.<\/p>\n<p>In 2017, Marius Juschka took over as managing director at BMS. Balland Messe-Service GmbH now organizes over 35 German joint stands per year.<\/p>\n<p>Since January 2022, the second generation has been firmly at the helm at BMV: Moritz Flebbe has taken over as managing director of Balland Messe-Vertrieb GmbH from Wolfgang Flebbe, who is retiring from operational business after almost 40 years in the trade fair industry.<\/p>\n<p>All three companies are located in the same building and benefit from each other's know-how. Our joint network extends worldwide. Companies from every imaginable industry trust us - from very small to very large, from food to mechanical engineering to exclusive jewelry manufacturers, from Las Vegas to Hanoi. We represent selected trade shows from the largest and most professional trade show organizers in the world that are also worth your while.<\/p>\n<p>Even if markets are globalizing and digitizing, the world is moving closer together and Jakarta feels just as close as D\u00fcsseldorf, one thing will not change - in 2025, 40 years after Balland Messe-Vertrieb GmbH was founded, our teams will still be based in Cologne-Junkersdorf and we will still be doing what we do best: marketing, advising and organizing.<\/p>\n<\/div><div class=\"fusion-clearfix\"><\/div><\/div><\/div><div class=\"fusion-layout-column fusion_builder_column fusion-builder-column-1 fusion_builder_column_1_4 1_4 fusion-one-fourth fusion-column-last\" style=\"--awb-bg-size:cover;width:25%;width:calc(25% - ( ( 4% ) * 0.25 ) );\"><div class=\"fusion-column-wrapper fusion-flex-column-wrapper-legacy\"><div class=\"fusion-clearfix\"><\/div><\/div><\/div><\/div><\/div>","protected":false},"excerpt":{"rendered":"","protected":false},"author":3,"featured_media":0,"parent":0,"menu_order":0,"comment_status":"closed","ping_status":"closed","template":"","meta":{"_acf_changed":false,"footnotes":""},"class_list":["post-30","page","type-page","status-publish","hentry"],"acf":[],"yoast_head":"<!-- This site is optimized with the Yoast SEO plugin v27.4 - https:\/\/yoast.com\/product\/yoast-seo-wordpress\/ -->\n<title>Balland Messe \u2022 Ihr Experte f\u00fcr Auslandsmessen \u2022 \u00dcber uns<\/title>\n<meta name=\"description\" content=\"Wir betreuen und sichern die besten Platzierungen f\u00fcr \u00fcber 500 Aussteller weltweit ? auf Auslandsmessen. \u260e Kontaktieren Sie uns jetzt und starten Sie Ihren Messeerfolg \u2705\" \/>\n<meta name=\"robots\" content=\"index, follow, max-snippet:-1, max-image-preview:large, max-video-preview:-1\" \/>\n<link rel=\"canonical\" href=\"https:\/\/www.balland-messe.de\/en\/ueber-uns\/\" \/>\n<meta property=\"og:locale\" content=\"en_US\" \/>\n<meta property=\"og:type\" content=\"article\" \/>\n<meta property=\"og:title\" content=\"Balland Messe \u2022 Ihr Experte f\u00fcr Auslandsmessen \u2022 \u00dcber uns\" \/>\n<meta property=\"og:description\" content=\"Wir betreuen und sichern die besten Platzierungen f\u00fcr \u00fcber 500 Aussteller weltweit ? auf Auslandsmessen. \u260e Kontaktieren Sie uns jetzt und starten Sie Ihren Messeerfolg \u2705\" \/>\n<meta property=\"og:url\" content=\"https:\/\/www.balland-messe.de\/en\/ueber-uns\/\" \/>\n<meta property=\"og:site_name\" content=\"Balland Messe-Vertrieb &amp; Service GmbH\" \/>\n<meta property=\"article:modified_time\" content=\"2025-12-12T13:56:54+00:00\" \/>\n<meta name=\"twitter:card\" content=\"summary_large_image\" \/>\n<meta name=\"twitter:label1\" content=\"Est. reading time\" \/>\n\t<meta name=\"twitter:data1\" content=\"3 minutes\" \/>\n<script type=\"application\/ld+json\" class=\"yoast-schema-graph\">{\"@context\":\"https:\\\/\\\/schema.org\",\"@graph\":[{\"@type\":\"WebPage\",\"@id\":\"https:\\\/\\\/www.balland-messe.de\\\/ueber-uns\\\/\",\"url\":\"https:\\\/\\\/www.balland-messe.de\\\/ueber-uns\\\/\",\"name\":\"Balland Messe \u2022 Ihr Experte f\u00fcr Auslandsmessen \u2022 \u00dcber uns\",\"isPartOf\":{\"@id\":\"https:\\\/\\\/www.balland-messe.de\\\/#website\"},\"datePublished\":\"2017-12-11T12:58:20+00:00\",\"dateModified\":\"2025-12-12T13:56:54+00:00\",\"description\":\"Wir betreuen und sichern die besten Platzierungen f\u00fcr \u00fcber 500 Aussteller weltweit ? auf Auslandsmessen. \u260e Kontaktieren Sie uns jetzt und starten Sie Ihren Messeerfolg \u2705\",\"breadcrumb\":{\"@id\":\"https:\\\/\\\/www.balland-messe.de\\\/ueber-uns\\\/#breadcrumb\"},\"inLanguage\":\"en-US\",\"potentialAction\":[{\"@type\":\"ReadAction\",\"target\":[\"https:\\\/\\\/www.balland-messe.de\\\/ueber-uns\\\/\"]}]},{\"@type\":\"BreadcrumbList\",\"@id\":\"https:\\\/\\\/www.balland-messe.de\\\/ueber-uns\\\/#breadcrumb\",\"itemListElement\":[{\"@type\":\"ListItem\",\"position\":1,\"name\":\"Home\",\"item\":\"https:\\\/\\\/www.balland-messe.de\\\/\"},{\"@type\":\"ListItem\",\"position\":2,\"name\":\"\u00dcber uns\"}]},{\"@type\":\"WebSite\",\"@id\":\"https:\\\/\\\/www.balland-messe.de\\\/#website\",\"url\":\"https:\\\/\\\/www.balland-messe.de\\\/\",\"name\":\"Balland Messe-Vertrieb &amp; Service GmbH\",\"description\":\"Aussteller-Promotion, Besucher-Promotion und Image-Promotion\",\"potentialAction\":[{\"@type\":\"SearchAction\",\"target\":{\"@type\":\"EntryPoint\",\"urlTemplate\":\"https:\\\/\\\/www.balland-messe.de\\\/?s={search_term_string}\"},\"query-input\":{\"@type\":\"PropertyValueSpecification\",\"valueRequired\":true,\"valueName\":\"search_term_string\"}}],\"inLanguage\":\"en-US\"}]}<\/script>\n<!-- \/ Yoast SEO plugin. -->","yoast_head_json":{"title":"Balland Messe - Your expert for trade fairs abroad - About us","description":"We manage and secure the best placements for over 500 exhibitors worldwide ? at trade fairs abroad. \u260e Contact us now and start your trade fair success \u2705","robots":{"index":"index","follow":"follow","max-snippet":"max-snippet:-1","max-image-preview":"max-image-preview:large","max-video-preview":"max-video-preview:-1"},"canonical":"https:\/\/www.balland-messe.de\/en\/ueber-uns\/","og_locale":"en_US","og_type":"article","og_title":"Balland Messe \u2022 Ihr Experte f\u00fcr Auslandsmessen \u2022 \u00dcber uns","og_description":"Wir betreuen und sichern die besten Platzierungen f\u00fcr \u00fcber 500 Aussteller weltweit ? auf Auslandsmessen. \u260e Kontaktieren Sie uns jetzt und starten Sie Ihren Messeerfolg \u2705","og_url":"https:\/\/www.balland-messe.de\/en\/ueber-uns\/","og_site_name":"Balland Messe-Vertrieb &amp; Service GmbH","article_modified_time":"2025-12-12T13:56:54+00:00","twitter_card":"summary_large_image","twitter_misc":{"Est. reading time":"3 minutes"},"schema":{"@context":"https:\/\/schema.org","@graph":[{"@type":"WebPage","@id":"https:\/\/www.balland-messe.de\/ueber-uns\/","url":"https:\/\/www.balland-messe.de\/ueber-uns\/","name":"Balland Messe - Your expert for trade fairs abroad - About us","isPartOf":{"@id":"https:\/\/www.balland-messe.de\/#website"},"datePublished":"2017-12-11T12:58:20+00:00","dateModified":"2025-12-12T13:56:54+00:00","description":"We manage and secure the best placements for over 500 exhibitors worldwide ? at trade fairs abroad. \u260e Contact us now and start your trade fair success \u2705","breadcrumb":{"@id":"https:\/\/www.balland-messe.de\/ueber-uns\/#breadcrumb"},"inLanguage":"en-US","potentialAction":[{"@type":"ReadAction","target":["https:\/\/www.balland-messe.de\/ueber-uns\/"]}]},{"@type":"BreadcrumbList","@id":"https:\/\/www.balland-messe.de\/ueber-uns\/#breadcrumb","itemListElement":[{"@type":"ListItem","position":1,"name":"Home","item":"https:\/\/www.balland-messe.de\/"},{"@type":"ListItem","position":2,"name":"\u00dcber uns"}]},{"@type":"WebSite","@id":"https:\/\/www.balland-messe.de\/#website","url":"https:\/\/www.balland-messe.de\/","name":"Balland Messe-Vertrieb &amp; Service GmbH","description":"Exhibitor promotion, visitor promotion and image promotion","potentialAction":[{"@type":"SearchAction","target":{"@type":"EntryPoint","urlTemplate":"https:\/\/www.balland-messe.de\/?s={search_term_string}"},"query-input":{"@type":"PropertyValueSpecification","valueRequired":true,"valueName":"search_term_string"}}],"inLanguage":"en-US"}]}},"_links":{"self":[{"href":"https:\/\/www.balland-messe.de\/en\/wp-json\/wp\/v2\/pages\/30","targetHints":{"allow":["GET"]}}],"collection":[{"href":"https:\/\/www.balland-messe.de\/en\/wp-json\/wp\/v2\/pages"}],"about":[{"href":"https:\/\/www.balland-messe.de\/en\/wp-json\/wp\/v2\/types\/page"}],"author":[{"embeddable":true,"href":"https:\/\/www.balland-messe.de\/en\/wp-json\/wp\/v2\/users\/3"}],"replies":[{"embeddable":true,"href":"https:\/\/www.balland-messe.de\/en\/wp-json\/wp\/v2\/comments?post=30"}],"version-history":[{"count":17,"href":"https:\/\/www.balland-messe.de\/en\/wp-json\/wp\/v2\/pages\/30\/revisions"}],"predecessor-version":[{"id":15240,"href":"https:\/\/www.balland-messe.de\/en\/wp-json\/wp\/v2\/pages\/30\/revisions\/15240"}],"wp:attachment":[{"href":"https:\/\/www.balland-messe.de\/en\/wp-json\/wp\/v2\/media?parent=30"}],"curies":[{"name":"wp","href":"https:\/\/api.w.org\/{rel}","templated":true}]}}